{"id":16,"date":"2024-04-06T10:25:44","date_gmt":"2024-04-06T10:25:44","guid":{"rendered":"http:\/\/troubled-osprey.w3.poopy.life\/?page_id=7"},"modified":"2024-04-06T10:25:44","modified_gmt":"2024-04-06T10:25:44","slug":"front-page","status":"publish","type":"page","link":"https:\/\/peladesign.si\/en\/","title":{"rendered":"Home"},"content":{"rendered":"","protected":false},"excerpt":{"rendered":"","protected":false},"author":1,"featured_media":0,"parent":0,"menu_order":0,"comment_status":"closed","ping_status":"closed","template":"","meta":{"_acf_changed":false,"_seopress_robots_primary_cat":"","_seopress_titles_title":"","_seopress_titles_desc":"Odkrijte edinstveno do\u017eivetje v na\u0161i brivnici, kjer se tradicija in modernost zdru\u017eujeta v popolno nego za mo\u0161ke.","_seopress_robots_index":"","footnotes":""},"class_list":["post-16","page","type-page","status-publish","hentry"],"acf":[],"_links":{"self":[{"href":"https:\/\/peladesign.si\/en\/wp-json\/wp\/v2\/pages\/16","targetHints":{"allow":["GET"]}}],"collection":[{"href":"https:\/\/peladesign.si\/en\/wp-json\/wp\/v2\/pages"}],"about":[{"href":"https:\/\/peladesign.si\/en\/wp-json\/wp\/v2\/types\/page"}],"author":[{"embeddable":true,"href":"https:\/\/peladesign.si\/en\/wp-json\/wp\/v2\/users\/1"}],"replies":[{"embeddable":true,"href":"https:\/\/peladesign.si\/en\/wp-json\/wp\/v2\/comments?post=16"}],"version-history":[{"count":3,"href":"https:\/\/peladesign.si\/en\/wp-json\/wp\/v2\/pages\/16\/revisions"}],"predecessor-version":[{"id":1164,"href":"https:\/\/peladesign.si\/en\/wp-json\/wp\/v2\/pages\/16\/revisions\/1164"}],"wp:attachment":[{"href":"https:\/\/peladesign.si\/en\/wp-json\/wp\/v2\/media?parent=16"}],"curies":[{"name":"wp","href":"https:\/\/api.w.org\/{rel}","templated":true}]}}